{"id":21538,"date":"2025-06-12T16:27:24","date_gmt":"2025-06-12T16:27:24","guid":{"rendered":"https:\/\/altinmektep.com\/iletisim\/"},"modified":"2025-06-26T23:00:04","modified_gmt":"2025-06-26T23:00:04","slug":"contact","status":"publish","type":"page","link":"https:\/\/altinmektep.com\/en\/contact\/","title":{"rendered":"Contact"},"content":{"rendered":"\t\t<div data-elementor-type=\"wp-page\" data-elementor-id=\"21538\" class=\"elementor elementor-21538 elementor-4439\">\n\t\t\t\t<div class=\"elementor-element elementor-element-68d0e93 wd-section-stretch-content e-flex e-con-boxed e-con e-parent\" data-id=\"68d0e93\" data-element_type=\"container\">\n\t\t\t\t\t<div class=\"e-con-inner\">\n\t\t\t\t<div class=\"elementor-element elementor-element-5b5f235 wd-width-100 elementor-widget elementor-widget-wd_google_map\" data-id=\"5b5f235\" data-element_type=\"widget\" data-widget_type=\"wd_google_map.default\">\n\t\t\t\t<div class=\"elementor-widget-container\">\n\t\t\t\t\t\t\t<div class=\"google-map-container wd-map-container map-container-with-content\" style=\"--wd-justify-content: left; --wd-align-items: center;\" data-map-args='{\"multiple_markers\":\"no\",\"latitude\":\"41.0228\",\"longitude\":\"29.0159\",\"zoom\":15,\"mouse_zoom\":\"no\",\"init_type\":\"page_load\",\"init_offset\":\"\",\"json_style\":\"W3siZmVhdHVyZVR5cGUiOiJsYW5kc2NhcGUubWFuX21hZGUiLCJlbGVtZW50VHlwZSI6ImFsbCIsInN0eWxlcnMiOlt7ImNvbG9yIjoiI2ZhZjVlZCJ9LHsibGlnaHRuZXNzIjoiMCJ9LHsiZ2FtbWEiOiIxIn1dfSx7ImZlYXR1cmVUeXBlIjoicG9pLnBhcmsiLCJlbGVtZW50VHlwZSI6Imdlb21ldHJ5LmZpbGwiLCJzdHlsZXJzIjpbeyJjb2xvciI6IiNiYWU1YTYifV19LHsiZmVhdHVyZVR5cGUiOiJyb2FkIiwiZWxlbWVudFR5cGUiOiJhbGwiLCJzdHlsZXJzIjpbeyJ3ZWlnaHQiOiIxLjAwIn0seyJnYW1tYSI6IjEuOCJ9LHsic2F0dXJhdGlvbiI6IjAifV19LHsiZmVhdHVyZVR5cGUiOiJyb2FkIiwiZWxlbWVudFR5cGUiOiJnZW9tZXRyeS5maWxsIiwic3R5bGVycyI6W3siaHVlIjoiI2ZmYjIwMCJ9XX0seyJmZWF0dXJlVHlwZSI6InJvYWQuYXJ0ZXJpYWwiLCJlbGVtZW50VHlwZSI6Imdlb21ldHJ5LmZpbGwiLCJzdHlsZXJzIjpbeyJsaWdodG5lc3MiOiIwIn0seyJnYW1tYSI6IjEifV19LHsiZmVhdHVyZVR5cGUiOiJ0cmFuc2l0LnN0YXRpb24uYWlycG9ydCIsImVsZW1lbnRUeXBlIjoiYWxsIiwic3R5bGVycyI6W3siaHVlIjoiI2IwMDBmZiJ9LHsic2F0dXJhdGlvbiI6IjIzIn0seyJsaWdodG5lc3MiOiItNCJ9LHsiZ2FtbWEiOiIwLjgwIn1dfSx7ImZlYXR1cmVUeXBlIjoid2F0ZXIiLCJlbGVtZW50VHlwZSI6ImFsbCIsInN0eWxlcnMiOlt7ImNvbG9yIjoiI2EwZGFmMiJ9XX1d\",\"marker_icon\":\"https:\\\/\\\/altinmektep.com\\\/wp-content\\\/themes\\\/woodmart\\\/inc\\\/admin\\\/assets\\\/images\\\/google-icon.png\",\"marker_icon_size\":\"\",\"elementor\":true,\"marker_text_needed\":\"no\",\"marker_text\":\"<h3 style=\\\"min-width:300px; text-align:center; margin:15px;\\\"><\\\/h3>\",\"selector\":\"wd-map-id-69e2e61dc45ae\",\"markers\":null,\"center\":\"\"}'>\n\n\t\t\t\n\t\t\t\n\t\t\t<div class=\"wd-google-map-wrapper wd-map-wrapper wd-fill\">\n\t\t\t\t<div id=\"wd-map-id-69e2e61dc45ae\" class=\"wd-google-map without-content wd-fill\"><\/div>\n\t\t\t<\/div>\n\n\t\t\t\t\t\t\t<div class=\"wd-google-map-content-wrap wd-map-content-wrap\">\n\t\t\t\t\t<div class=\"wd-google-map-content wd-map-content wd-entry-content\">\n\t\t\t\t\t\t\t\t\t\t\t\t\t\t\t\t<link rel=\"stylesheet\" id=\"elementor-post-4452-css\" href=\"https:\/\/altinmektep.com\/wp-content\/uploads\/elementor\/css\/post-4452.css?ver=1765344913\" type=\"text\/css\" media=\"all\">\n\t\t\t\t\t<div data-elementor-type=\"wp-post\" data-elementor-id=\"4452\" class=\"elementor elementor-4452\">\n\t\t\t\t<div class=\"wd-negative-gap elementor-element elementor-element-64d2028 e-flex e-con-boxed e-con e-parent\" data-id=\"64d2028\" data-element_type=\"container\">\n\t\t\t\t\t<div class=\"e-con-inner\">\n\t\t\t\t<div class=\"elementor-element elementor-element-7489a91 elementor-widget elementor-widget-wd_infobox\" data-id=\"7489a91\" data-element_type=\"widget\" data-widget_type=\"wd_infobox.default\">\n\t\t\t\t<div class=\"elementor-widget-container\">\n\t\t\t\t\t\t\t<div class=\"info-box-wrapper\">\n\t\t\t<div class=\"wd-info-box text-left box-icon-align-left box-style-base color-scheme- wd-items-top\">\n\t\t\t\t\n\t\t\t\t<div class=\"info-box-content\">\n\t\t\t\t\t\t\t\t\t\t\t\n\t\t\t\t\t\t<div class=\"info-box-subtitle subtitle-color-default subtitle-style-default wd-fontsize-xs\"\n\t\t\t\t\t\t\t  data-elementor-setting-key=\"subtitle\">\n\t\t\t\t\t\t\tAlt\u0131n Mektep\t\t\t\t\t\t<\/div>\n\t\t\t\t\t\n\t\t\t\t\t\t\t\t\t\t\t<h4\t\t\t\t\t\tclass=\"info-box-title title box-title-style-default wd-fontsize-m\" data-elementor-setting-key=\"title\">\n\t\t\t\t\t\t\t\t\u0130stanbul<br \/>\nT\u00fcrkiye\t\t\t\t\t\t<\/h4>\n\t\t\t\t\t\n\t\t\t\t\t<div class=\"info-box-inner reset-last-child\"data-elementor-setting-key=\"content\"><\/div>\n\n\t\t\t\t\t\t\t\t\t<\/div>\n\n\t\t\t\t\t\t\t\t\t<a href=\"#\" class=\"wd-info-box-link wd-fill\" aria-label=\"Infobox link\"><\/a>\n\t\t\t\t\t\t\t<\/div>\n\t\t<\/div>\n\t\t\t\t\t\t<\/div>\n\t\t\t\t<\/div>\n\t\t\t\t\t<\/div>\n\t\t\t\t<\/div>\n\t\t\t\t<\/div>\n\t\t\t\t\t\t\t\t\t\t\t\t\t<\/div>\n\t\t\t\t<\/div>\n\t\t\t\t\t<\/div>\n\t\t\t\t\t\t<\/div>\n\t\t\t\t<\/div>\n\t\t\t\t\t<\/div>\n\t\t\t\t<\/div>\n\t\t<div class=\"wd-negative-gap elementor-element elementor-element-cb322d0 e-flex e-con-boxed e-con e-parent\" data-id=\"cb322d0\" data-element_type=\"container\">\n\t\t\t\t\t<div class=\"e-con-inner\">\n\t\t<div class=\"elementor-element elementor-element-1f0abe4 e-con-full e-flex e-con e-child\" data-id=\"1f0abe4\" data-element_type=\"container\">\n\t\t\t\t<div class=\"elementor-element elementor-element-071523a wd-width-100 elementor-widget elementor-widget-wd_title\" data-id=\"071523a\" data-element_type=\"widget\" data-widget_type=\"wd_title.default\">\n\t\t\t\t<div class=\"elementor-widget-container\">\n\t\t\t\t\t\t\t<div class=\"title-wrapper wd-set-mb reset-last-child wd-title-color-default wd-title-style-default wd-title-size-default text-left\">\n\n\t\t\t\t\t\t\t\t\t\t\t<div class=\"title-subtitle subtitle-color-default subtitle-style-default wd-fontsize-xs\">\n\t\t\t\t\tAlt\u0131n Mektep\t\t\t\t<\/div>\n\t\t\t\n\t\t\t<div class=\"liner-continer\">\n\t\t\t\t<h4 class=\"woodmart-title-container title wd-fontsize-l\">Frequently Asked Questions<\/h4> \n\t\t\t\t\t\t\t<\/div>\n\n\t\t\t\t\t<\/div>\n\t\t\t\t\t\t<\/div>\n\t\t\t\t<\/div>\n\t\t\t\t<div class=\"elementor-element elementor-element-2a7c1c6 elementor-widget elementor-widget-wd_accordion\" data-id=\"2a7c1c6\" data-element_type=\"widget\" data-widget_type=\"wd_accordion.default\">\n\t\t\t\t<div class=\"elementor-widget-container\">\n\t\t\t\t\t\n\t\t<div class=\"wd-accordion wd-style-default wd-titles-left wd-opener-pos-right wd-opener-style-arrow\" data-state=\"first\">\n\t\t\t\t\t\t\t\n\t\t\t\t<div class=\"wd-accordion-item\">\n\t\t\t\t\t<div class=\"wd-accordion-title wd-active\" data-accordion-index=\"0\">\n\t\t\t\t\t\t<div class=\"wd-accordion-title-text\">\n\t\t\t\t\t\t\t\t\t\t\t\t\t\t<span>\n\t\t\t\t\t\t\t\t\u2753 1. How are the lessons conducted?\t\t\t\t\t\t\t<\/span>\n\t\t\t\t\t\t<\/div>\n\t\t\t\t\t\t<span class=\"wd-accordion-opener\"><\/span>\n\t\t\t\t\t<\/div>\n\n\t\t\t\t\t<div class=\"wd-accordion-content wd-entry-content wd-active\" data-accordion-index=\"0\">\n\t\t\t\t\t\t\t\t\t\t\t\t\t\n\t\t\t\t\t\t\t<p class=\"p1\">Lessons are conducted one-on-one and online, tailored to the student\u2019s level and needs. They are delivered by expert Turkish teachers using content aligned with the U.S. curriculum.<\/p>\n\t\t\t\t\t\t\t\t\t\t\t\t\t\t\t\t\t\t<\/div>\n\t\t\t\t<\/div>\n\t\t\t\t\t\t\t\n\t\t\t\t<div class=\"wd-accordion-item\">\n\t\t\t\t\t<div class=\"wd-accordion-title\" data-accordion-index=\"1\">\n\t\t\t\t\t\t<div class=\"wd-accordion-title-text\">\n\t\t\t\t\t\t\t\t\t\t\t\t\t\t<span>\n\t\t\t\t\t\t\t\t\u2753 2. Which subjects are available?\t\t\t\t\t\t\t<\/span>\n\t\t\t\t\t\t<\/div>\n\t\t\t\t\t\t<span class=\"wd-accordion-opener\"><\/span>\n\t\t\t\t\t<\/div>\n\n\t\t\t\t\t<div class=\"wd-accordion-content wd-entry-content\" data-accordion-index=\"1\">\n\t\t\t\t\t\t\t\t\t\t\t\t\t\n\t\t\t\t\t\t\t<p class=\"p1\">\ud83d\udccc You can take lessons in various subjects such as Math, Turkish, Music, Qur\u2019an Education, and Values Education. Each lesson is planned according to individual needs.<\/p>\n\t\t\t\t\t\t\t\t\t\t\t\t\t\t\t\t\t\t<\/div>\n\t\t\t\t<\/div>\n\t\t\t\t\t\t\t\n\t\t\t\t<div class=\"wd-accordion-item\">\n\t\t\t\t\t<div class=\"wd-accordion-title\" data-accordion-index=\"2\">\n\t\t\t\t\t\t<div class=\"wd-accordion-title-text\">\n\t\t\t\t\t\t\t\t\t\t\t\t\t\t<span>\n\t\t\t\t\t\t\t\t\u2753 3. How are the tuition fees determined?\t\t\t\t\t\t\t<\/span>\n\t\t\t\t\t\t<\/div>\n\t\t\t\t\t\t<span class=\"wd-accordion-opener\"><\/span>\n\t\t\t\t\t<\/div>\n\n\t\t\t\t\t<div class=\"wd-accordion-content wd-entry-content\" data-accordion-index=\"2\">\n\t\t\t\t\t\t\t\t\t\t\t\t\t\n\t\t\t\t\t\t\t<p class=\"p1\">\ud83d\udccc Payments are made in Turkish Lira, allowing us to offer a much more affordable education compared to private lesson prices in the United States.<\/p>\n\t\t\t\t\t\t\t\t\t\t\t\t\t\t\t\t\t\t<\/div>\n\t\t\t\t<\/div>\n\t\t\t\t\t\t\t\n\t\t\t\t<div class=\"wd-accordion-item\">\n\t\t\t\t\t<div class=\"wd-accordion-title\" data-accordion-index=\"3\">\n\t\t\t\t\t\t<div class=\"wd-accordion-title-text\">\n\t\t\t\t\t\t\t\t\t\t\t\t\t\t<span>\n\t\t\t\t\t\t\t\t\u2753 4. Is the curriculum aligned with the U.S. standards?\t\t\t\t\t\t\t<\/span>\n\t\t\t\t\t\t<\/div>\n\t\t\t\t\t\t<span class=\"wd-accordion-opener\"><\/span>\n\t\t\t\t\t<\/div>\n\n\t\t\t\t\t<div class=\"wd-accordion-content wd-entry-content\" data-accordion-index=\"3\">\n\t\t\t\t\t\t\t\t\t\t\t\t\t\n\t\t\t\t\t\t\t<p class=\"p1\">\ud83d\udccc Yes, all content is prepared according to the student\u2019s school curriculum in the U.S. Materials are customized based on the student\u2019s school and academic level.<\/p>\n\t\t\t\t\t\t\t\t\t\t\t\t\t\t\t\t\t\t<\/div>\n\t\t\t\t<\/div>\n\t\t\t\t\t\t\t\n\t\t\t\t<div class=\"wd-accordion-item\">\n\t\t\t\t\t<div class=\"wd-accordion-title\" data-accordion-index=\"4\">\n\t\t\t\t\t\t<div class=\"wd-accordion-title-text\">\n\t\t\t\t\t\t\t\t\t\t\t\t\t\t<span>\n\t\t\t\t\t\t\t\t\u2753 5. Do you only provide academic support?\t\t\t\t\t\t\t<\/span>\n\t\t\t\t\t\t<\/div>\n\t\t\t\t\t\t<span class=\"wd-accordion-opener\"><\/span>\n\t\t\t\t\t<\/div>\n\n\t\t\t\t\t<div class=\"wd-accordion-content wd-entry-content\" data-accordion-index=\"4\">\n\t\t\t\t\t\t\t\t\t\t\t\t\t\n\t\t\t\t\t\t\t<p class=\"p1\">\ud83d\udccc No, we also provide support in areas such as homework tracking, attention management, cultural adaptation, and guidance.<\/p>\n\t\t\t\t\t\t\t\t\t\t\t\t\t\t\t\t\t\t<\/div>\n\t\t\t\t<\/div>\n\t\t\t\t\t<\/div>\n\t\t\t\t\t\t<\/div>\n\t\t\t\t<\/div>\n\t\t\t\t<\/div>\n\t\t<div class=\"elementor-element elementor-element-789122a e-con-full e-flex e-con e-child\" data-id=\"789122a\" data-element_type=\"container\">\n\t\t\t\t<div class=\"elementor-element elementor-element-775ddc4 wd-width-100 elementor-widget elementor-widget-wd_title\" data-id=\"775ddc4\" data-element_type=\"widget\" data-widget_type=\"wd_title.default\">\n\t\t\t\t<div class=\"elementor-widget-container\">\n\t\t\t\t\t\t\t<div class=\"title-wrapper wd-set-mb reset-last-child wd-title-color-default wd-title-style-default wd-title-size-default text-left\">\n\n\t\t\t\t\t\t\t\t\t\t\t<div class=\"title-subtitle subtitle-color-default subtitle-style-default wd-fontsize-xs\">\n\t\t\t\t\tAlt\u0131n Mektep Contact Form\t\t\t\t<\/div>\n\t\t\t\n\t\t\t<div class=\"liner-continer\">\n\t\t\t\t<h4 class=\"woodmart-title-container title wd-fontsize-l\">Feel free to ask any questions you may have.<\/h4> \n\t\t\t\t\t\t\t<\/div>\n\n\t\t\t\t\t<\/div>\n\t\t\t\t\t\t<\/div>\n\t\t\t\t<\/div>\n\t\t\t\t<div class=\"elementor-element elementor-element-3c67846 wd-cf7 elementor-widget elementor-widget-wd_contact_form_7\" data-id=\"3c67846\" data-element_type=\"widget\" data-widget_type=\"wd_contact_form_7.default\">\n\t\t\t\t<div class=\"elementor-widget-container\">\n\t\t\t\t\t\n<div class=\"wpcf7 no-js\" id=\"wpcf7-f21584-o1\" lang=\"tr-TR\" dir=\"ltr\" data-wpcf7-id=\"21584\">\n<div class=\"screen-reader-response\"><p role=\"status\" aria-live=\"polite\" aria-atomic=\"true\"><\/p> <ul><\/ul><\/div>\n<form action=\"\/en\/wp-json\/wp\/v2\/pages\/21538#wpcf7-f21584-o1\" method=\"post\" class=\"wpcf7-form init\" aria-label=\"\u0130leti\u015fim Formu\" novalidate=\"novalidate\" data-status=\"init\">\n<div style=\"display: none;\">\n<input type=\"hidden\" name=\"_wpcf7\" value=\"21584\" \/>\n<input type=\"hidden\" name=\"_wpcf7_version\" value=\"6.0.6\" \/>\n<input type=\"hidden\" name=\"_wpcf7_locale\" value=\"tr_TR\" \/>\n<input type=\"hidden\" name=\"_wpcf7_unit_tag\" value=\"wpcf7-f21584-o1\" \/>\n<input type=\"hidden\" name=\"_wpcf7_container_post\" value=\"0\" \/>\n<input type=\"hidden\" name=\"_wpcf7_posted_data_hash\" value=\"\" \/>\n<\/div>\n<p><label> Your Name<br \/>\n<span class=\"wpcf7-form-control-wrap\" data-name=\"your-name\"><input size=\"40\" maxlength=\"400\" class=\"wpcf7-form-control wpcf7-text wpcf7-validates-as-required\" autocomplete=\"name\" aria-required=\"true\" aria-invalid=\"false\" value=\"\" type=\"text\" name=\"your-name\" \/><\/span> <\/label>\n<\/p>\n<p><label> Your Email Address<br \/>\n<span class=\"wpcf7-form-control-wrap\" data-name=\"your-email\"><input size=\"40\" maxlength=\"400\" class=\"wpcf7-form-control wpcf7-email wpcf7-validates-as-required wpcf7-text wpcf7-validates-as-email\" autocomplete=\"email\" aria-required=\"true\" aria-invalid=\"false\" value=\"\" type=\"email\" name=\"your-email\" \/><\/span> <\/label>\n<\/p>\n<p><label> Subject<br \/>\n<span class=\"wpcf7-form-control-wrap\" data-name=\"your-subject\"><input size=\"40\" maxlength=\"400\" class=\"wpcf7-form-control wpcf7-text wpcf7-validates-as-required\" aria-required=\"true\" aria-invalid=\"false\" value=\"\" type=\"text\" name=\"your-subject\" \/><\/span> <\/label>\n<\/p>\n<p><label> Your Message (optional)<br \/>\n<span class=\"wpcf7-form-control-wrap\" data-name=\"your-message\"><textarea cols=\"40\" rows=\"10\" maxlength=\"2000\" class=\"wpcf7-form-control wpcf7-textarea\" aria-invalid=\"false\" name=\"your-message\"><\/textarea><\/span> <\/label>\n<\/p>\n<p><input class=\"wpcf7-form-control wpcf7-submit has-spinner\" type=\"submit\" value=\"Send\" \/>\n<\/p><div class=\"wpcf7-response-output\" aria-hidden=\"true\"><\/div>\n<\/form>\n<\/div>\n\t\t\t\t<\/div>\n\t\t\t\t<\/div>\n\t\t\t\t<\/div>\n\t\t\t\t\t<\/div>\n\t\t\t\t<\/div>\n\t\t\t\t<\/div>\n\t\t","protected":false},"excerpt":{"rendered":"<p>&#8220;,&#8221;selector&#8221;:&#8221;wd-map-id-685dd0f47a00d&#8221;,&#8221;markers&#8221;:null,&#8221;center&#8221;:&#8221;&#8221;}&#8217;> Alt\u0131n Mektep \u0130stanbul T\u00fcrkiye Alt\u0131n Mektep Frequently Asked Questions \u2753 1. How are the lessons conducted? Lessons are conducted<\/p>\n","protected":false},"author":1,"featured_media":0,"parent":0,"menu_order":0,"comment_status":"closed","ping_status":"closed","template":"","meta":{"footnotes":""},"class_list":["post-21538","page","type-page","status-publish","hentry"],"_links":{"self":[{"href":"https:\/\/altinmektep.com\/en\/wp-json\/wp\/v2\/pages\/21538","targetHints":{"allow":["GET"]}}],"collection":[{"href":"https:\/\/altinmektep.com\/en\/wp-json\/wp\/v2\/pages"}],"about":[{"href":"https:\/\/altinmektep.com\/en\/wp-json\/wp\/v2\/types\/page"}],"author":[{"embeddable":true,"href":"https:\/\/altinmektep.com\/en\/wp-json\/wp\/v2\/users\/1"}],"replies":[{"embeddable":true,"href":"https:\/\/altinmektep.com\/en\/wp-json\/wp\/v2\/comments?post=21538"}],"version-history":[{"count":6,"href":"https:\/\/altinmektep.com\/en\/wp-json\/wp\/v2\/pages\/21538\/revisions"}],"predecessor-version":[{"id":21587,"href":"https:\/\/altinmektep.com\/en\/wp-json\/wp\/v2\/pages\/21538\/revisions\/21587"}],"wp:attachment":[{"href":"https:\/\/altinmektep.com\/en\/wp-json\/wp\/v2\/media?parent=21538"}],"curies":[{"name":"wp","href":"https:\/\/api.w.org\/{rel}","templated":true}]}}